{"id":37,"date":"2015-10-29T21:23:44","date_gmt":"2015-10-29T21:23:44","guid":{"rendered":"https:\/\/sclauterbach.de\/?page_id=37"},"modified":"2022-10-14T06:05:16","modified_gmt":"2022-10-14T06:05:16","slug":"mitgliedschaft","status":"publish","type":"page","link":"https:\/\/sclauterbach.de\/?page_id=37","title":{"rendered":"Mitgliedschaft \/ Verein"},"content":{"rendered":"<h3>Jahresbeitr\u00e4ge SC Lauterbach<\/h3>\n<p>Erwachsener<br \/>\n\u20ac 14,-<\/p>\n<p>Erwachsener Ehepartner<br \/>\n\u20ac 7,-<\/p>\n<p>Jugendliche 14-18<br \/>\n\u20ac 6,-<\/p>\n<p>Kinder bis 14<br \/>\n\u20ac 3,-<\/p>\n<p><a href=\"https:\/\/sclauterbach.de\/wp-content\/uploads\/2015\/10\/aufnahmeantrag_2014.pdf\" target=\"_blank\" rel=\"noopener\">Zum Aufnahme-Antrag<\/a><\/p>\n<h3>Vorstandschaft<\/h3>\n<p>Andreas Loders<br \/>\nJ\u00f6rg Resch<br \/>\nFabian Schmid<br \/>\nRoland H\u00fcttner<br \/>\nBernhard Fritz<br \/>\nJosef K\u00f6lbl<br \/>\nJohannes Fritz<\/p>\n","protected":false},"excerpt":{"rendered":"<p>Jahresbeitr\u00e4ge SC Lauterbach Erwachsener \u20ac 14,- Erwachsener Ehepartner \u20ac 7,- Jugendliche 14-18 \u20ac 6,- Kinder bis 14 \u20ac 3,- Zum Aufnahme-Antrag Vorstandschaft Andreas Loders J\u00f6rg Resch Fabian Schmid Roland H\u00fcttner Bernhard Fritz Josef K\u00f6lbl Johannes Fritz<\/p>\n","protected":false},"author":1,"featured_media":0,"parent":14,"menu_order":0,"comment_status":"closed","ping_status":"closed","template":"","meta":{"footnotes":""},"class_list":["post-37","page","type-page","status-publish","hentry"],"_links":{"self":[{"href":"https:\/\/sclauterbach.de\/index.php?rest_route=\/wp\/v2\/pages\/37","targetHints":{"allow":["GET"]}}],"collection":[{"href":"https:\/\/sclauterbach.de\/index.php?rest_route=\/wp\/v2\/pages"}],"about":[{"href":"https:\/\/sclauterbach.de\/index.php?rest_route=\/wp\/v2\/types\/page"}],"author":[{"embeddable":true,"href":"https:\/\/sclauterbach.de\/index.php?rest_route=\/wp\/v2\/users\/1"}],"replies":[{"embeddable":true,"href":"https:\/\/sclauterbach.de\/index.php?rest_route=%2Fwp%2Fv2%2Fcomments&post=37"}],"version-history":[{"count":8,"href":"https:\/\/sclauterbach.de\/index.php?rest_route=\/wp\/v2\/pages\/37\/revisions"}],"predecessor-version":[{"id":825,"href":"https:\/\/sclauterbach.de\/index.php?rest_route=\/wp\/v2\/pages\/37\/revisions\/825"}],"up":[{"embeddable":true,"href":"https:\/\/sclauterbach.de\/index.php?rest_route=\/wp\/v2\/pages\/14"}],"wp:attachment":[{"href":"https:\/\/sclauterbach.de\/index.php?rest_route=%2Fwp%2Fv2%2Fmedia&parent=37"}],"curies":[{"name":"wp","href":"https:\/\/api.w.org\/{rel}","templated":true}]}}